{"id":103,"date":"2017-04-28T14:56:33","date_gmt":"2017-04-28T13:56:33","guid":{"rendered":"http:\/\/zndglobal.wpengine.com\/pl\/?page_id=103"},"modified":"2017-05-02T13:37:57","modified_gmt":"2017-05-02T12:37:57","slug":"cookies","status":"publish","type":"page","link":"https:\/\/www.znd.com\/plpl\/cookies\/","title":{"rendered":"CIASTECZKA"},"content":{"rendered":"<p>Podczas korzystania ze strony ZND, informacje mog\u0105 by\u0107 zapisywanie w formie pik\u00f3w cookies na komputerze.<\/p>\n<p>Podczas odwiedzania tej witryny mo\u017ce zosta\u0107 wys\u0142any jeden lub wi\u0119cej plik\u00f3w cookie (ma\u0142ego pliku tekstowego zawieraj\u0105cego ci\u0105g znak\u00f3w alfanumerycznych) do komputera, kt\u00f3ry niepowtarzalnie identyfikuje przegl\u0105dark\u0119 i pozwala zalogowa\u0107 si\u0119 szybciej oraz zwi\u0119kszy\u0107 nawigacj\u0119 za po\u015brednictwem witryny. Cookie mog\u0105 r\u00f3wnie\u017c przekazywa\u0107 informacje ZND o sposobie korzystania z serwisu (np. Wy\u015bwietlane strony, linki, a tak\u017ce inne dzia\u0142ania podejmowane w witrynie) oraz umo\u017cliwia ZND lub jego partnerom biznesowym \u015bledzenie korzystania z serwisu. Witryna ZND stosuje dwa zasadnicze rodzaje plik\u00f3w cookie: \u201esesyjne\u201d oraz \u201esta\u0142e\u201d. Sta\u0142e pliki cookie po zamkni\u0119ciu przegl\u0105darki zostaj\u0105 zapisane na dysku twardym, mog\u0105 by\u0107 r\u00f3wnie\u017c u\u017cywane przez przegl\u0105dark\u0119 podczas kolejnych wizyt w witrynie a\u017c do czasu ich usuni\u0119cia przez u\u017cytkownika. Pliki cookie sesyjne s\u0105 tymczasowe i znikaj\u0105 po zamkni\u0119ciu przegl\u0105darki. Wi\u0119kszo\u015b\u0107 przegl\u0105darek internetowych jest pocz\u0105tkowo ustawionych na automatyczne przyjmowanie ciasteczek. Mo\u017cna jednak zmieni\u0107 ustawienia przegl\u0105darki tak, aby ciasteczka by\u0142y blokowane \u2013 w ca\u0142o\u015bci lub w jakiej\u015b cz\u0119\u015bci, np. tylko od stron trzecich, albo aby ka\u017cdorazowo otrzymywa\u0107 komunikat w momencie kiedy ciasteczka s\u0105 wysy\u0142ane na urz\u0105dzenie. Jednak, blokowanie plik\u00f3w cookies, mo\u017ce negatywnie wp\u0142yn\u0105\u0107 na poprawne dzia\u0142anie witryny. Ze wzgl\u0119du na optymalne korzystanie ze Strony zalecane jest zezwolenie na zapisywanie plik\u00f3w cookies na komputerze.<\/p>\n<p>Stosowane przez ZND pliki cookie, pozwalaj\u0105 na spersonalizowanie wizyty U\u017cytkownika i zdobycia wi\u0119kszej ilo\u015bci informacji, nast\u0119pnie wykorzystanie ich w celu dostosowania odpowiedniej reklamy online. Pliki cookie mog\u0105 by\u0107 wykorzystane przez sieci reklamowe, w szczeg\u00f3lno\u015bci sie\u0107 Google, do wy\u015bwietlenia reklam dopasowanych do sposobu, w jaki u\u017cytkownik korzysta z Serwisu. W tym celu mog\u0105 zachowa\u0107 informacj\u0119 o \u015bcie\u017cce nawigacji u\u017cytkownika lub czasie pozostawania na danej stronie.<\/p>\n<p>Poni\u017cej znajduje si\u0119 lista plik\u00f3w cookie, kt\u00f3re zosta\u0142y zainstalowane w tej witrynie i ich przeznaczenie.<\/p>\n","protected":false},"excerpt":{"rendered":"<p>Podczas korzystania ze strony ZND, informacje mog\u0105 by\u0107 zapisywanie w formie pik\u00f3w cookies na komputerze. Podczas odwiedzania tej witryny mo\u017ce zosta\u0107 wys\u0142any jeden lub wi\u0119cej plik\u00f3w cookie (ma\u0142ego pliku tekstowego zawieraj\u0105cego ci\u0105g znak\u00f3w alfanumerycznych) do komputera, kt\u00f3ry niepowtarzalnie identyfikuje przegl\u0105dark\u0119 i pozwala zalogowa\u0107 si\u0119 szybciej oraz zwi\u0119kszy\u0107 nawigacj\u0119 za po\u015brednictwem witryny. Cookie mog\u0105 r\u00f3wnie\u017c przekazywa\u0107 [&hellip;]<\/p>\n","protected":false},"author":1,"featured_media":0,"parent":0,"menu_order":0,"comment_status":"closed","ping_status":"closed","template":"","meta":{"_acf_changed":false,"footnotes":""},"class_list":["post-103","page","type-page","status-publish","hentry"],"acf":[],"_links":{"self":[{"href":"https:\/\/www.znd.com\/plpl\/wp-json\/wp\/v2\/pages\/103","targetHints":{"allow":["GET"]}}],"collection":[{"href":"https:\/\/www.znd.com\/plpl\/wp-json\/wp\/v2\/pages"}],"about":[{"href":"https:\/\/www.znd.com\/plpl\/wp-json\/wp\/v2\/types\/page"}],"author":[{"embeddable":true,"href":"https:\/\/www.znd.com\/plpl\/wp-json\/wp\/v2\/users\/1"}],"replies":[{"embeddable":true,"href":"https:\/\/www.znd.com\/plpl\/wp-json\/wp\/v2\/comments?post=103"}],"version-history":[{"count":0,"href":"https:\/\/www.znd.com\/plpl\/wp-json\/wp\/v2\/pages\/103\/revisions"}],"wp:attachment":[{"href":"https:\/\/www.znd.com\/plpl\/wp-json\/wp\/v2\/media?parent=103"}],"curies":[{"name":"wp","href":"https:\/\/api.w.org\/{rel}","templated":true}]}}