{"id":93,"date":"2017-04-28T14:38:54","date_gmt":"2017-04-28T13:38:54","guid":{"rendered":"http:\/\/zndglobal.wpengine.com\/fr\/?page_id=93"},"modified":"2017-07-26T14:26:47","modified_gmt":"2017-07-26T13:26:47","slug":"cookies","status":"publish","type":"page","link":"https:\/\/www.znd.com\/fr\/cookies\/","title":{"rendered":"Gestion des cookies"},"content":{"rendered":"<p>Notre d\u00e9claration sur les cookies<\/p>\n<p>Les cookies sont des petits fichiers textes stock\u00e9s dans votre navigateur qui sont utilis\u00e9s par la grande majorit\u00e9 des sites web pour une vari\u00e9t\u00e9 de raisons, telles que la personnalisation de votre exp\u00e9rience et l&#8217;enregistrement de la fa\u00e7on dont vous utilisez le site Web pour aider les am\u00e9liorations futures.<\/p>\n<p>Lors de votre visite sur ce site, si vous avez accept\u00e9 les cookies, ces fichiers seront automatiquement t\u00e9l\u00e9charger sur votre appareil. Les cookies que nous utilisons ne vous identifient pas en tant qu&#8217;individu, simplement l&#8217;appareil que vous utilisez. Ces cookies sont un m\u00e9lange de cookies de session qui sont pr\u00e9lev\u00e9s une fois que vous fermez votre navigateur et des cookies persistants qui restent plus longtemps, mais ne sont actifs que lorsque vous \u00eates sur notre site.<\/p>\n<p>Utilisation de cookies<br \/>\nVoici une liste des cookies d\u00e9ploy\u00e9s sur ce site et ce qu&#8217;ils font.<\/p>\n","protected":false},"excerpt":{"rendered":"<p>Notre d\u00e9claration sur les cookies Les cookies sont des petits fichiers textes stock\u00e9s dans votre navigateur qui sont utilis\u00e9s par la grande majorit\u00e9 des sites web pour une vari\u00e9t\u00e9 de raisons, telles que la personnalisation de votre exp\u00e9rience et l&#8217;enregistrement de la fa\u00e7on dont vous utilisez le site Web pour aider les am\u00e9liorations futures. Lors [&hellip;]<\/p>\n","protected":false},"author":1,"featured_media":0,"parent":0,"menu_order":0,"comment_status":"closed","ping_status":"closed","template":"","meta":{"_acf_changed":false,"footnotes":""},"class_list":["post-93","page","type-page","status-publish","hentry"],"acf":[],"_links":{"self":[{"href":"https:\/\/www.znd.com\/fr\/wp-json\/wp\/v2\/pages\/93","targetHints":{"allow":["GET"]}}],"collection":[{"href":"https:\/\/www.znd.com\/fr\/wp-json\/wp\/v2\/pages"}],"about":[{"href":"https:\/\/www.znd.com\/fr\/wp-json\/wp\/v2\/types\/page"}],"author":[{"embeddable":true,"href":"https:\/\/www.znd.com\/fr\/wp-json\/wp\/v2\/users\/1"}],"replies":[{"embeddable":true,"href":"https:\/\/www.znd.com\/fr\/wp-json\/wp\/v2\/comments?post=93"}],"version-history":[{"count":0,"href":"https:\/\/www.znd.com\/fr\/wp-json\/wp\/v2\/pages\/93\/revisions"}],"wp:attachment":[{"href":"https:\/\/www.znd.com\/fr\/wp-json\/wp\/v2\/media?parent=93"}],"curies":[{"name":"wp","href":"https:\/\/api.w.org\/{rel}","templated":true}]}}