{"id":66,"date":"2017-04-11T14:17:59","date_gmt":"2017-04-11T13:17:59","guid":{"rendered":"http:\/\/zndglobal.wpengine.com\/fr\/?page_id=66"},"modified":"2017-11-16T14:56:12","modified_gmt":"2017-11-16T14:56:12","slug":"register-guest","status":"publish","type":"page","link":"https:\/\/www.znd.com\/fr\/portal\/register-guest\/","title":{"rendered":"Register Guest"},"content":{"rendered":"<h2>Inscrivez-vous pour un acc\u00e8s limit\u00e9<\/h2>\n<p>Veuillez vous enregistrer pour acc\u00e9der au catalogue de produits avec les dessins.<\/p>\n","protected":false},"excerpt":{"rendered":"<p>Inscrivez-vous pour un acc\u00e8s limit\u00e9 Veuillez vous enregistrer pour acc\u00e9der au catalogue de produits avec les dessins.<\/p>\n","protected":false},"author":1,"featured_media":0,"parent":290,"menu_order":0,"comment_status":"closed","ping_status":"closed","template":"page-templates\/portal-register-guest.php","meta":{"_acf_changed":false,"footnotes":""},"class_list":["post-66","page","type-page","status-publish","hentry"],"acf":[],"_links":{"self":[{"href":"https:\/\/www.znd.com\/fr\/wp-json\/wp\/v2\/pages\/66","targetHints":{"allow":["GET"]}}],"collection":[{"href":"https:\/\/www.znd.com\/fr\/wp-json\/wp\/v2\/pages"}],"about":[{"href":"https:\/\/www.znd.com\/fr\/wp-json\/wp\/v2\/types\/page"}],"author":[{"embeddable":true,"href":"https:\/\/www.znd.com\/fr\/wp-json\/wp\/v2\/users\/1"}],"replies":[{"embeddable":true,"href":"https:\/\/www.znd.com\/fr\/wp-json\/wp\/v2\/comments?post=66"}],"version-history":[{"count":0,"href":"https:\/\/www.znd.com\/fr\/wp-json\/wp\/v2\/pages\/66\/revisions"}],"up":[{"embeddable":true,"href":"https:\/\/www.znd.com\/fr\/wp-json\/wp\/v2\/pages\/290"}],"wp:attachment":[{"href":"https:\/\/www.znd.com\/fr\/wp-json\/wp\/v2\/media?parent=66"}],"curies":[{"name":"wp","href":"https:\/\/api.w.org\/{rel}","templated":true}]}}