{"id":113,"date":"2017-04-28T14:52:30","date_gmt":"2017-04-28T13:52:30","guid":{"rendered":"http:\/\/zndglobal.wpengine.com\/fr\/?page_id=113"},"modified":"2021-07-02T13:07:32","modified_gmt":"2021-07-02T12:07:32","slug":"impression","status":"publish","type":"page","link":"https:\/\/www.znd.com\/fr\/impression\/","title":{"rendered":"Impression"},"content":{"rendered":"<p><strong>Nos entrep\u00f4ts implant\u00e9s au Royaume-Uni vous permettent non seulement d\u2019acheter vos cl\u00f4tures temporaires mais aussi avec une section d\u00e9di\u00e9e \u00e0 la personnalisation nous pouvons \u00e9galement les imprimer en m\u00eame temps.<\/strong><\/p>\n<p>Cela signifie que nous pouvons offrir \u00e0 nos client un service complet ce qui leurs permet d\u2019\u00e9conomiser de l&#8217;argent et leurs apporter une tranquillit\u00e9 d&#8217;esprit en sachant que le produit livr\u00e9 est pr\u00eat \u00e0 l&#8217;emploi.<\/p>\n<p>Nous offrons les toutes derni\u00e8res techniques d&#8217;impression UV qui r\u00e9sistent aux rayures, ne se d\u00e9colorent pas facilement sont imperm\u00e9ables et b\u00e9n\u00e9ficies de diff\u00e9rents niveaux de brillance et des couleurs vibrantes.<\/p>\n<p>Nos solutions d&#8217;impression sur mesure pour notre gamme de cl\u00f4tures temporaires comprennent des fiches signal\u00e9tiques d&#8217;entreprise, des banni\u00e8res publicitaires, des consignes d\u2019hygi\u00e8ne et de s\u00e9curit\u00e9 et des libell\u00e9s.<\/p>\n<p><iframe loading=\"lazy\" title=\"ZND PrintRoom\" width=\"500\" height=\"281\" src=\"https:\/\/www.youtube.com\/embed\/a1OFhreDc-c?feature=oembed\" frameborder=\"0\" allow=\"accelerometer; autoplay; clipboard-write; encrypted-media; gyroscope; picture-in-picture; web-share\" referrerpolicy=\"strict-origin-when-cross-origin\" allowfullscreen><\/iframe><\/p>\n<p><strong>Nous imprimons sur une large gamme de mat\u00e9riaux pour r\u00e9pondre \u00e0 vos besoins, y compris:<\/strong><\/p>\n<ul>\n<li>Dibond<\/li>\n<li>Pvc polyvinyle<\/li>\n<li>Mati\u00e8re PVC pour banni\u00e8re<\/li>\n<li>Pvc maille<\/li>\n<li>Papier<\/li>\n<li>Vinyle<\/li>\n<li>Panneaux polypropyl\u00e8ne co-extrud\u00e9s<\/li>\n<li>Aluminium blanc<\/li>\n<\/ul>\n<p>Nos services d&#8217;impression sont pratiques et rentables, ce qui nous permet non seulement de fabriquer mais aussi d\u2019offrir une solution d\u2019impression tout en un.<\/p>\n\n\t\t<style type=\"text\/css\">\n\t\t\t#gallery-1 {\n\t\t\t\tmargin: auto;\n\t\t\t}\n\t\t\t#gallery-1 .gallery-item {\n\t\t\t\tfloat: left;\n\t\t\t\tmargin-top: 10px;\n\t\t\t\ttext-align: center;\n\t\t\t\twidth: 33%;\n\t\t\t}\n\t\t\t#gallery-1 img {\n\t\t\t\tborder: 2px solid #cfcfcf;\n\t\t\t}\n\t\t\t#gallery-1 .gallery-caption {\n\t\t\t\tmargin-left: 0;\n\t\t\t}\n\t\t\t\/* see gallery_shortcode() in wp-includes\/media.php *\/\n\t\t<\/style>\n\t\t<div id='gallery-1' class='gallery galleryid-113 gallery-columns-3 gallery-size-full'><dl class='gallery-item'>\n\t\t\t<dt class='gallery-icon landscape'>\n\t\t\t\t<img loading=\"lazy\" decoding=\"async\" width=\"1024\" height=\"683\" src=\"https:\/\/www.znd.com\/fr\/wp-content\/uploads\/sites\/6\/2017\/04\/print_room_6-1024x683.jpg\" class=\"attachment-full size-full\" alt=\"\" srcset=\"https:\/\/www.znd.com\/fr\/wp-content\/uploads\/sites\/6\/2017\/04\/print_room_6-1024x683.jpg 1024w, https:\/\/www.znd.com\/fr\/wp-content\/uploads\/sites\/6\/2017\/04\/print_room_6-1024x683-300x200.jpg 300w, https:\/\/www.znd.com\/fr\/wp-content\/uploads\/sites\/6\/2017\/04\/print_room_6-1024x683-768x512.jpg 768w, https:\/\/www.znd.com\/fr\/wp-content\/uploads\/sites\/6\/2017\/04\/print_room_6-1024x683-624x416.jpg 624w, https:\/\/www.znd.com\/fr\/wp-content\/uploads\/sites\/6\/2017\/04\/print_room_6-1024x683-450x300.jpg 450w, https:\/\/www.znd.com\/fr\/wp-content\/uploads\/sites\/6\/2017\/04\/print_room_6-1024x683-900x600.jpg 900w\" sizes=\"auto, (max-width: 1024px) 100vw, 1024px\" \/>\n\t\t\t<\/dt><\/dl><dl class='gallery-item'>\n\t\t\t<dt class='gallery-icon landscape'>\n\t\t\t\t<img loading=\"lazy\" decoding=\"async\" width=\"1024\" height=\"683\" src=\"https:\/\/www.znd.com\/fr\/wp-content\/uploads\/sites\/6\/2017\/04\/print_room_5-1024x683.jpg\" class=\"attachment-full size-full\" alt=\"\" srcset=\"https:\/\/www.znd.com\/fr\/wp-content\/uploads\/sites\/6\/2017\/04\/print_room_5-1024x683.jpg 1024w, https:\/\/www.znd.com\/fr\/wp-content\/uploads\/sites\/6\/2017\/04\/print_room_5-1024x683-300x200.jpg 300w, https:\/\/www.znd.com\/fr\/wp-content\/uploads\/sites\/6\/2017\/04\/print_room_5-1024x683-768x512.jpg 768w, https:\/\/www.znd.com\/fr\/wp-content\/uploads\/sites\/6\/2017\/04\/print_room_5-1024x683-624x416.jpg 624w, https:\/\/www.znd.com\/fr\/wp-content\/uploads\/sites\/6\/2017\/04\/print_room_5-1024x683-450x300.jpg 450w, https:\/\/www.znd.com\/fr\/wp-content\/uploads\/sites\/6\/2017\/04\/print_room_5-1024x683-900x600.jpg 900w\" sizes=\"auto, (max-width: 1024px) 100vw, 1024px\" \/>\n\t\t\t<\/dt><\/dl><dl class='gallery-item'>\n\t\t\t<dt class='gallery-icon landscape'>\n\t\t\t\t<img loading=\"lazy\" decoding=\"async\" width=\"1024\" height=\"683\" src=\"https:\/\/www.znd.com\/fr\/wp-content\/uploads\/sites\/6\/2017\/04\/print_room_4-1024x683.jpg\" class=\"attachment-full size-full\" alt=\"\" srcset=\"https:\/\/www.znd.com\/fr\/wp-content\/uploads\/sites\/6\/2017\/04\/print_room_4-1024x683.jpg 1024w, https:\/\/www.znd.com\/fr\/wp-content\/uploads\/sites\/6\/2017\/04\/print_room_4-1024x683-300x200.jpg 300w, https:\/\/www.znd.com\/fr\/wp-content\/uploads\/sites\/6\/2017\/04\/print_room_4-1024x683-768x512.jpg 768w, https:\/\/www.znd.com\/fr\/wp-content\/uploads\/sites\/6\/2017\/04\/print_room_4-1024x683-624x416.jpg 624w, https:\/\/www.znd.com\/fr\/wp-content\/uploads\/sites\/6\/2017\/04\/print_room_4-1024x683-450x300.jpg 450w, https:\/\/www.znd.com\/fr\/wp-content\/uploads\/sites\/6\/2017\/04\/print_room_4-1024x683-900x600.jpg 900w\" sizes=\"auto, (max-width: 1024px) 100vw, 1024px\" \/>\n\t\t\t<\/dt><\/dl><br style=\"clear: both\" \/><dl class='gallery-item'>\n\t\t\t<dt class='gallery-icon landscape'>\n\t\t\t\t<img loading=\"lazy\" decoding=\"async\" width=\"1024\" height=\"683\" src=\"https:\/\/www.znd.com\/fr\/wp-content\/uploads\/sites\/6\/2017\/04\/print_room_3-1024x683.jpg\" class=\"attachment-full size-full\" alt=\"\" srcset=\"https:\/\/www.znd.com\/fr\/wp-content\/uploads\/sites\/6\/2017\/04\/print_room_3-1024x683.jpg 1024w, https:\/\/www.znd.com\/fr\/wp-content\/uploads\/sites\/6\/2017\/04\/print_room_3-1024x683-300x200.jpg 300w, https:\/\/www.znd.com\/fr\/wp-content\/uploads\/sites\/6\/2017\/04\/print_room_3-1024x683-768x512.jpg 768w, https:\/\/www.znd.com\/fr\/wp-content\/uploads\/sites\/6\/2017\/04\/print_room_3-1024x683-624x416.jpg 624w, https:\/\/www.znd.com\/fr\/wp-content\/uploads\/sites\/6\/2017\/04\/print_room_3-1024x683-450x300.jpg 450w, https:\/\/www.znd.com\/fr\/wp-content\/uploads\/sites\/6\/2017\/04\/print_room_3-1024x683-900x600.jpg 900w\" sizes=\"auto, (max-width: 1024px) 100vw, 1024px\" \/>\n\t\t\t<\/dt><\/dl><dl class='gallery-item'>\n\t\t\t<dt class='gallery-icon landscape'>\n\t\t\t\t<img loading=\"lazy\" decoding=\"async\" width=\"1024\" height=\"683\" src=\"https:\/\/www.znd.com\/fr\/wp-content\/uploads\/sites\/6\/2017\/04\/print_room_2-1024x683.jpg\" class=\"attachment-full size-full\" alt=\"\" srcset=\"https:\/\/www.znd.com\/fr\/wp-content\/uploads\/sites\/6\/2017\/04\/print_room_2-1024x683.jpg 1024w, https:\/\/www.znd.com\/fr\/wp-content\/uploads\/sites\/6\/2017\/04\/print_room_2-1024x683-300x200.jpg 300w, https:\/\/www.znd.com\/fr\/wp-content\/uploads\/sites\/6\/2017\/04\/print_room_2-1024x683-768x512.jpg 768w, https:\/\/www.znd.com\/fr\/wp-content\/uploads\/sites\/6\/2017\/04\/print_room_2-1024x683-624x416.jpg 624w, https:\/\/www.znd.com\/fr\/wp-content\/uploads\/sites\/6\/2017\/04\/print_room_2-1024x683-450x300.jpg 450w, https:\/\/www.znd.com\/fr\/wp-content\/uploads\/sites\/6\/2017\/04\/print_room_2-1024x683-900x600.jpg 900w\" sizes=\"auto, (max-width: 1024px) 100vw, 1024px\" \/>\n\t\t\t<\/dt><\/dl><dl class='gallery-item'>\n\t\t\t<dt class='gallery-icon landscape'>\n\t\t\t\t<img loading=\"lazy\" decoding=\"async\" width=\"1024\" height=\"683\" src=\"https:\/\/www.znd.com\/fr\/wp-content\/uploads\/sites\/6\/2017\/04\/print_room_1-1024x683-1.jpg\" class=\"attachment-full size-full\" alt=\"\" srcset=\"https:\/\/www.znd.com\/fr\/wp-content\/uploads\/sites\/6\/2017\/04\/print_room_1-1024x683-1.jpg 1024w, https:\/\/www.znd.com\/fr\/wp-content\/uploads\/sites\/6\/2017\/04\/print_room_1-1024x683-1-300x200.jpg 300w, https:\/\/www.znd.com\/fr\/wp-content\/uploads\/sites\/6\/2017\/04\/print_room_1-1024x683-1-768x512.jpg 768w, https:\/\/www.znd.com\/fr\/wp-content\/uploads\/sites\/6\/2017\/04\/print_room_1-1024x683-1-624x416.jpg 624w, https:\/\/www.znd.com\/fr\/wp-content\/uploads\/sites\/6\/2017\/04\/print_room_1-1024x683-1-450x300.jpg 450w, https:\/\/www.znd.com\/fr\/wp-content\/uploads\/sites\/6\/2017\/04\/print_room_1-1024x683-1-900x600.jpg 900w\" sizes=\"auto, (max-width: 1024px) 100vw, 1024px\" \/>\n\t\t\t<\/dt><\/dl><br style=\"clear: both\" \/>\n\t\t<\/div>\n\n","protected":false},"excerpt":{"rendered":"<p>Nos entrep\u00f4ts implant\u00e9s au Royaume-Uni vous permettent non seulement d\u2019acheter vos cl\u00f4tures temporaires mais aussi avec une section d\u00e9di\u00e9e \u00e0 la personnalisation nous pouvons \u00e9galement les imprimer en m\u00eame temps. Cela signifie que nous pouvons offrir \u00e0 nos client un service complet ce qui leurs permet d\u2019\u00e9conomiser de l&#8217;argent et leurs apporter une tranquillit\u00e9 d&#8217;esprit [&hellip;]<\/p>\n","protected":false},"author":1,"featured_media":0,"parent":0,"menu_order":15,"comment_status":"closed","ping_status":"closed","template":"page-templates\/print-services.php","meta":{"_acf_changed":false,"footnotes":""},"class_list":["post-113","page","type-page","status-publish","hentry"],"acf":[],"_links":{"self":[{"href":"https:\/\/www.znd.com\/fr\/wp-json\/wp\/v2\/pages\/113","targetHints":{"allow":["GET"]}}],"collection":[{"href":"https:\/\/www.znd.com\/fr\/wp-json\/wp\/v2\/pages"}],"about":[{"href":"https:\/\/www.znd.com\/fr\/wp-json\/wp\/v2\/types\/page"}],"author":[{"embeddable":true,"href":"https:\/\/www.znd.com\/fr\/wp-json\/wp\/v2\/users\/1"}],"replies":[{"embeddable":true,"href":"https:\/\/www.znd.com\/fr\/wp-json\/wp\/v2\/comments?post=113"}],"version-history":[{"count":0,"href":"https:\/\/www.znd.com\/fr\/wp-json\/wp\/v2\/pages\/113\/revisions"}],"wp:attachment":[{"href":"https:\/\/www.znd.com\/fr\/wp-json\/wp\/v2\/media?parent=113"}],"curies":[{"name":"wp","href":"https:\/\/api.w.org\/{rel}","templated":true}]}}